{"id":15,"date":"2023-07-23T14:44:54","date_gmt":"2023-07-23T14:44:54","guid":{"rendered":"https:\/\/residencialvirgendelcampo.es\/?page_id=15"},"modified":"2023-09-23T10:20:26","modified_gmt":"2023-09-23T10:20:26","slug":"residencia-virgen-del-campo","status":"publish","type":"page","link":"https:\/\/residencialvirgendelcampo.es\/","title":{"rendered":"Inicio"},"content":{"rendered":"\n<figure class=\"wp-block-image size-full is-resized\"><img decoding=\"async\" loading=\"lazy\" src=\"https:\/\/residencialvirgendelcampo.es\/wp-content\/uploads\/2023\/07\/VIRGEN-DEL-CAMPO-2.png\" alt=\"Residencia de ancianos Virgen del Campo (Soncillo) \" class=\"wp-image-18\" width=\"1210\" height=\"605\" srcset=\"https:\/\/residencialvirgendelcampo.es\/wp-content\/uploads\/2023\/07\/VIRGEN-DEL-CAMPO-2.png 1600w, https:\/\/residencialvirgendelcampo.es\/wp-content\/uploads\/2023\/07\/VIRGEN-DEL-CAMPO-2-300x150.png 300w, https:\/\/residencialvirgendelcampo.es\/wp-content\/uploads\/2023\/07\/VIRGEN-DEL-CAMPO-2-1024x512.png 1024w, https:\/\/residencialvirgendelcampo.es\/wp-content\/uploads\/2023\/07\/VIRGEN-DEL-CAMPO-2-768x384.png 768w, https:\/\/residencialvirgendelcampo.es\/wp-content\/uploads\/2023\/07\/VIRGEN-DEL-CAMPO-2-1536x768.png 1536w\" sizes=\"(max-width: 1210px) 100vw, 1210px\" \/><\/figure>\n\n\n\n<div class=\"wp-block-group alignfull has-ast-global-color-5-background-color has-background is-layout-constrained wp-container-22\" style=\"padding-bottom:0px\">\n<h1 class=\"wp-block-heading has-text-align-center\" style=\"font-style:italic;font-weight:600;letter-spacing:10px\">RESIDENCIA VIRGEN DEL CAMPO<\/h1>\n\n\n\n<p class=\"has-text-align-center\">(SONCILLO)<\/p>\n\n\n\n<hr class=\"wp-block-separator has-text-color has-ast-global-color-0-color has-alpha-channel-opacity has-ast-global-color-0-background-color has-background is-style-wide\"\/>\n\n\n\n<h2 class=\"wp-block-heading has-text-align-center\" style=\"font-style:normal;font-weight:100;letter-spacing:20px\">NUESTROS PILARES<\/h2>\n\n\n\n<p class=\"has-text-align-center\">Gran humanidad, intentado que los residentes se sientan en su casa y d\u00e1ndoles todo el cari\u00f1o del mundo<\/p>\n\n\n\n<p style=\"font-style:italic;font-weight:500\"><strong>TROTO PERSONALIZADO Y FAMILIAR<\/strong><\/p>\n\n\n\n<div class=\"wp-block-columns is-layout-flex wp-container-3\">\n<div class=\"wp-block-column is-layout-flow\" style=\"flex-basis:50%\">\n<p>El trato familiar, cercano y personalizado que ofrecemos y la comunicaci\u00f3n directa y constante con las familias, nos permite acercarnos m\u00e1s a las necesidades de nuestros residentes y brindarles el mejor servicio posible para cada uno<\/p>\n<\/div>\n\n\n\n<div class=\"wp-block-column is-layout-flow\" style=\"flex-basis:50%\">\n<figure class=\"wp-block-image aligncenter size-full\"><img decoding=\"async\" loading=\"lazy\" width=\"275\" height=\"183\" src=\"https:\/\/residencialvirgendelcampo.es\/wp-content\/uploads\/2023\/07\/images.jpg\" alt=\"\" class=\"wp-image-31\"\/><\/figure>\n<\/div>\n<\/div>\n\n\n\n<div class=\"wp-block-columns is-layout-flex wp-container-6\">\n<div class=\"wp-block-column is-layout-flow\">\n<figure class=\"wp-block-image aligncenter size-full is-resized\"><img decoding=\"async\" loading=\"lazy\" src=\"https:\/\/residencialvirgendelcampo.es\/wp-content\/uploads\/2023\/07\/las_mejores_residencias_de_ancianos_de_barcelona_2395_600.jpg\" alt=\"\" class=\"wp-image-34\" width=\"300\" height=\"228\" srcset=\"https:\/\/residencialvirgendelcampo.es\/wp-content\/uploads\/2023\/07\/las_mejores_residencias_de_ancianos_de_barcelona_2395_600.jpg 520w, https:\/\/residencialvirgendelcampo.es\/wp-content\/uploads\/2023\/07\/las_mejores_residencias_de_ancianos_de_barcelona_2395_600-300x228.jpg 300w\" sizes=\"(max-width: 300px) 100vw, 300px\" \/><\/figure>\n<\/div>\n\n\n\n<div class=\"wp-block-column is-layout-flow\">\n<p class=\"has-text-align-left\" style=\"font-style:italic;font-weight:500\"><strong>MODELO DE ATENCI\u00d3N CENTRADO EN LA PERSONA<\/strong><\/p>\n\n\n\n<p>Realizamos un modelo de atenci\u00f3n centrado en la persona, buscamos reconocer la singularidad de cada uno de nuestros residentes y actuar bajo sus necesidades, capacidades y preferencias. Siempre teniendo en cuenta todo lo que rodea a la persona<\/p>\n\n\n\n<p><\/p>\n<\/div>\n<\/div>\n\n\n\n<div class=\"wp-block-columns is-layout-flex wp-container-9\">\n<div class=\"wp-block-column is-layout-flow\">\n<p><\/p>\n\n\n\n<p style=\"font-style:italic;font-weight:500\"><strong>INSTALACIONES ADAPTADAS<\/strong><\/p>\n\n\n\n<p>Las instalaciones se encuentran adaptadas y libres de barreras arquitect\u00f3nicas, completamente accesibles para todos nuestros residentes.<\/p>\n<\/div>\n\n\n\n<div class=\"wp-block-column is-layout-flow\">\n<figure class=\"wp-block-image aligncenter size-large is-resized\"><img decoding=\"async\" loading=\"lazy\" src=\"https:\/\/residencialvirgendelcampo.es\/wp-content\/uploads\/2023\/07\/hombre-silla-ruedas-asilo-ancianos-1024x683.jpg\" alt=\"\" class=\"wp-image-39\" width=\"340\" height=\"226\" srcset=\"https:\/\/residencialvirgendelcampo.es\/wp-content\/uploads\/2023\/07\/hombre-silla-ruedas-asilo-ancianos-1024x683.jpg 1024w, https:\/\/residencialvirgendelcampo.es\/wp-content\/uploads\/2023\/07\/hombre-silla-ruedas-asilo-ancianos-300x200.jpg 300w, https:\/\/residencialvirgendelcampo.es\/wp-content\/uploads\/2023\/07\/hombre-silla-ruedas-asilo-ancianos-768x512.jpg 768w, https:\/\/residencialvirgendelcampo.es\/wp-content\/uploads\/2023\/07\/hombre-silla-ruedas-asilo-ancianos-1536x1024.jpg 1536w, https:\/\/residencialvirgendelcampo.es\/wp-content\/uploads\/2023\/07\/hombre-silla-ruedas-asilo-ancianos-2048x1365.jpg 2048w\" sizes=\"(max-width: 340px) 100vw, 340px\" \/><\/figure>\n<\/div>\n<\/div>\n\n\n\n<hr class=\"wp-block-separator has-text-color has-ast-global-color-0-color has-alpha-channel-opacity has-ast-global-color-0-background-color has-background is-style-wide\"\/>\n\n\n\n<h2 class=\"wp-block-heading has-text-align-center\" style=\"font-style:normal;font-weight:100;letter-spacing:18px\">NUESTROS SERVICIOS<\/h2>\n\n\n\n<div class=\"wp-block-columns has-vivid-cyan-blue-background-color has-background is-layout-flex wp-container-13\">\n<div class=\"wp-block-column is-layout-flow\">\n<figure class=\"wp-block-image aligncenter size-full is-resized\"><img decoding=\"async\" loading=\"lazy\" src=\"https:\/\/residencialvirgendelcampo.es\/wp-content\/uploads\/2023\/07\/man-sleeping.png\" alt=\"\" class=\"wp-image-19\" width=\"123\" height=\"123\" srcset=\"https:\/\/residencialvirgendelcampo.es\/wp-content\/uploads\/2023\/07\/man-sleeping.png 512w, https:\/\/residencialvirgendelcampo.es\/wp-content\/uploads\/2023\/07\/man-sleeping-300x300.png 300w, https:\/\/residencialvirgendelcampo.es\/wp-content\/uploads\/2023\/07\/man-sleeping-150x150.png 150w\" sizes=\"(max-width: 123px) 100vw, 123px\" \/><\/figure>\n\n\n\n<p class=\"has-text-align-center has-ast-global-color-4-color has-text-color\" style=\"font-size:14px;font-style:normal;font-weight:100\"><strong>11 habitaciones dobles y 2 habitaciones individuales, confortables y equipadas con todo el mobiliario necesario para que nuestros residentes se sientan c\u00f3modos<\/strong><\/p>\n<\/div>\n\n\n\n<div class=\"wp-block-column is-layout-flow\">\n<figure class=\"wp-block-image aligncenter size-full is-resized\"><img decoding=\"async\" loading=\"lazy\" src=\"https:\/\/residencialvirgendelcampo.es\/wp-content\/uploads\/2023\/07\/clock.png\" alt=\"\" class=\"wp-image-20\" width=\"123\" height=\"123\" srcset=\"https:\/\/residencialvirgendelcampo.es\/wp-content\/uploads\/2023\/07\/clock.png 512w, https:\/\/residencialvirgendelcampo.es\/wp-content\/uploads\/2023\/07\/clock-300x300.png 300w, https:\/\/residencialvirgendelcampo.es\/wp-content\/uploads\/2023\/07\/clock-150x150.png 150w\" sizes=\"(max-width: 123px) 100vw, 123px\" \/><\/figure>\n\n\n\n<p class=\"has-text-align-center has-ast-global-color-5-color has-text-color\" style=\"font-size:14px;font-style:normal;font-weight:100\"><strong>Contamos con un amplio equipo de gerocultores, que prestan una atenci\u00f3n de 24 horas a los residentes y familiares<\/strong><\/p>\n<\/div>\n\n\n\n<div class=\"wp-block-column is-layout-flow\">\n<figure class=\"wp-block-image aligncenter size-full is-resized\"><img decoding=\"async\" loading=\"lazy\" src=\"https:\/\/residencialvirgendelcampo.es\/wp-content\/uploads\/2023\/07\/dinner.png\" alt=\"\" class=\"wp-image-21\" width=\"122\" height=\"122\" srcset=\"https:\/\/residencialvirgendelcampo.es\/wp-content\/uploads\/2023\/07\/dinner.png 512w, https:\/\/residencialvirgendelcampo.es\/wp-content\/uploads\/2023\/07\/dinner-300x300.png 300w, https:\/\/residencialvirgendelcampo.es\/wp-content\/uploads\/2023\/07\/dinner-150x150.png 150w\" sizes=\"(max-width: 122px) 100vw, 122px\" \/><\/figure>\n\n\n\n<p class=\"has-text-align-center has-ast-global-color-5-color has-text-color\"><strong>Cocina propia con elaboraci\u00f3n diaria de men\u00fas con alimentos de primera calidad, adaptadas a las necesidades de nuestros residentes<\/strong><\/p>\n<\/div>\n<\/div>\n\n\n\n<div class=\"wp-block-columns has-vivid-cyan-blue-background-color has-background is-layout-flex wp-container-17\">\n<div class=\"wp-block-column is-layout-flow\">\n<figure class=\"wp-block-image aligncenter size-thumbnail\"><img decoding=\"async\" loading=\"lazy\" width=\"150\" height=\"150\" src=\"https:\/\/residencialvirgendelcampo.es\/wp-content\/uploads\/2023\/07\/stethoscope-150x150.png\" alt=\"\" class=\"wp-image-22\" srcset=\"https:\/\/residencialvirgendelcampo.es\/wp-content\/uploads\/2023\/07\/stethoscope-150x150.png 150w, https:\/\/residencialvirgendelcampo.es\/wp-content\/uploads\/2023\/07\/stethoscope-300x300.png 300w, https:\/\/residencialvirgendelcampo.es\/wp-content\/uploads\/2023\/07\/stethoscope.png 512w\" sizes=\"(max-width: 150px) 100vw, 150px\" \/><\/figure>\n\n\n\n<p class=\"has-text-align-center has-ast-global-color-4-color has-text-color\"><strong>Servicio m\u00e9dico. Contamos con la colaboraci\u00f3n del centro de salud y urgencias de la localidad a escasos 500m<\/strong><\/p>\n<\/div>\n\n\n\n<div class=\"wp-block-column is-layout-flow\">\n<figure class=\"wp-block-image aligncenter size-thumbnail\"><img decoding=\"async\" loading=\"lazy\" width=\"150\" height=\"150\" src=\"https:\/\/residencialvirgendelcampo.es\/wp-content\/uploads\/2023\/07\/relaxing-procedure-150x150.png\" alt=\"\" class=\"wp-image-23\" srcset=\"https:\/\/residencialvirgendelcampo.es\/wp-content\/uploads\/2023\/07\/relaxing-procedure-150x150.png 150w, https:\/\/residencialvirgendelcampo.es\/wp-content\/uploads\/2023\/07\/relaxing-procedure-300x300.png 300w, https:\/\/residencialvirgendelcampo.es\/wp-content\/uploads\/2023\/07\/relaxing-procedure.png 512w\" sizes=\"(max-width: 150px) 100vw, 150px\" \/><\/figure>\n\n\n\n<p class=\"has-text-align-center has-ast-global-color-5-color has-text-color\"><strong>Contamos con servicio de fisioterapia para aquellos residentes que requieren de sesiones de recuperaci\u00f3n y\/o prevenci\u00f3n<\/strong><\/p>\n<\/div>\n\n\n\n<div class=\"wp-block-column is-layout-flow\">\n<figure class=\"wp-block-image aligncenter size-thumbnail\"><img decoding=\"async\" loading=\"lazy\" width=\"150\" height=\"150\" src=\"https:\/\/residencialvirgendelcampo.es\/wp-content\/uploads\/2023\/07\/bathrooms-150x150.png\" alt=\"\" class=\"wp-image-24\" srcset=\"https:\/\/residencialvirgendelcampo.es\/wp-content\/uploads\/2023\/07\/bathrooms-150x150.png 150w, https:\/\/residencialvirgendelcampo.es\/wp-content\/uploads\/2023\/07\/bathrooms-300x300.png 300w, https:\/\/residencialvirgendelcampo.es\/wp-content\/uploads\/2023\/07\/bathrooms.png 512w\" sizes=\"(max-width: 150px) 100vw, 150px\" \/><\/figure>\n\n\n\n<p class=\"has-text-align-center has-ast-global-color-5-color has-text-color\"><strong>Ba\u00f1os adaptados que facilitan las tareas de aseo y garantizan seguridad a los residentes<\/strong><\/p>\n<\/div>\n<\/div>\n\n\n\n<hr class=\"wp-block-separator has-text-color has-ast-global-color-0-color has-alpha-channel-opacity has-ast-global-color-0-background-color has-background is-style-wide\"\/>\n\n\n\n<p class=\"has-text-align-center has-medium-font-size\" style=\"font-style:normal;font-weight:100;letter-spacing:18px\">COMPROMETIDOS CON LA CALIDAD<\/p>\n\n\n\n<div class=\"wp-block-columns is-layout-flex wp-container-21\">\n<div class=\"wp-block-column is-layout-flow\">\n<ul class=\"has-black-color has-text-color\">\n<li style=\"line-height:2\">Habitaciones adaptadas <\/li>\n\n\n\n<li style=\"line-height:2\">Cocina propia<\/li>\n\n\n\n<li style=\"line-height:2\">Servicio M\u00e9dico<\/li>\n\n\n\n<li>Terapia Ocupacional<\/li>\n<\/ul>\n<\/div>\n\n\n\n<div class=\"wp-block-column is-layout-flow\">\n<ul>\n<li style=\"line-height:2\">Espacios de Ocio<\/li>\n\n\n\n<li style=\"line-height:2\">Entorno tranquilo<\/li>\n\n\n\n<li style=\"line-height:2\">Atenci\u00f3n personalizada<\/li>\n\n\n\n<li style=\"line-height:2\">Servicio de fisioterapia<\/li>\n<\/ul>\n<\/div>\n\n\n\n<div class=\"wp-block-column is-layout-flow\">\n<ul>\n<li style=\"line-height:2\">Zona exterior<\/li>\n\n\n\n<li style=\"line-height:2\">Accesos adaptados<\/li>\n\n\n\n<li style=\"line-height:2\">Servicio Farmac\u00e9utico<\/li>\n\n\n\n<li style=\"line-height:2\">Atenci\u00f3n 24h <\/li>\n<\/ul>\n<\/div>\n<\/div>\n<\/div>\n\n\n\n<div class=\"wp-block-group alignfull is-layout-constrained wp-container-23\" id=\"whyus\" style=\"padding-top:144px;padding-bottom:144px\">\n<hr class=\"wp-block-separator has-text-color has-ast-global-color-0-color has-alpha-channel-opacity has-ast-global-color-0-background-color has-background is-style-wide\"\/>\n\n\n\n<p class=\"has-text-align-center has-large-font-size\"><strong>947 15 30 45<\/strong><\/p>\n\n\n\n<p class=\"has-text-align-center\"><a href=\"https:\/\/www.google.com\/maps\/place\/Virgen+del+campo+residencia\/@42.96982,-3.78748,15z\/data=!4m6!3m5!1s0xd48d263badf0d81:0xdad2fbcf78487ca0!8m2!3d42.96982!4d-3.78748!16s%2Fg%2F11hcjzk_9k?entry=ttu\" target=\"_blank\" rel=\"noreferrer noopener\">C. Francisca G\u00f3mez Salazar, 12, 09572 Soncillo, Burgos<\/a><\/p>\n\n\n\t\t<div id=\"wpmapblock_0169bb8e\" data-settings='{&quot;map_marker&quot;:[{&quot;lat&quot;:&quot;42.970032&quot;,&quot;lng&quot;:&quot;-3.7863487&quot;,&quot;title&quot;:&quot;C. Francisca G\\u00f3mez Salazar, 12, 09572 Soncillo, Burgos&quot;,&quot;content&quot;:&quot;&quot;,&quot;iconType&quot;:&quot;default&quot;,&quot;customIconUrl&quot;:&quot;&quot;,&quot;customIconWidth&quot;:&quot;25&quot;,&quot;customIconHeight&quot;:&quot;40&quot;}],&quot;map_zoom&quot;:10,&quot;scroll_wheel_zoom&quot;:false,&quot;map_type&quot;:&quot;GM&quot;,&quot;center_index&quot;:0}' class=\"wpmapblockrender\" style=\"\n\t\t\twidth: 100%;\n\t\t\theight: 500px;\n\t\t\"><\/div>\n        <\/div>\n","protected":false},"excerpt":{"rendered":"<p>RESIDENCIA VIRGEN DEL CAMPO (SONCILLO) NUESTROS PILARES Gran humanidad, intentado que los residentes se sientan en su casa y d\u00e1ndoles todo el cari\u00f1o del mundo TROTO PERSONALIZADO Y FAMILIAR El trato familiar, cercano y personalizado que ofrecemos y la comunicaci\u00f3n directa y constante con las familias, nos permite acercarnos m\u00e1s a las necesidades de nuestros &hellip;<\/p>\n<p class=\"read-more\"> <a class=\"\" href=\"https:\/\/residencialvirgendelcampo.es\/\"> <span class=\"screen-reader-text\">Inicio<\/span> Read More &raquo;<\/a><\/p>\n","protected":false},"author":1,"featured_media":0,"parent":0,"menu_order":0,"comment_status":"closed","ping_status":"closed","template":"","meta":{"site-sidebar-layout":"no-sidebar","site-content-layout":"plain-container","ast-global-header-display":"","ast-banner-title-visibility":"","ast-main-header-display":"","ast-hfb-above-header-display":"","ast-hfb-below-header-display":"","ast-hfb-mobile-header-display":"","site-post-title":"disabled","ast-breadcrumbs-content":"","ast-featured-img":"","footer-sml-layout":"","theme-transparent-header-meta":"enabled","adv-header-id-meta":"","stick-header-meta":"","header-above-stick-meta":"","header-main-stick-meta":"","header-below-stick-meta":""},"_links":{"self":[{"href":"https:\/\/residencialvirgendelcampo.es\/index.php\/wp-json\/wp\/v2\/pages\/15"}],"collection":[{"href":"https:\/\/residencialvirgendelcampo.es\/index.php\/wp-json\/wp\/v2\/pages"}],"about":[{"href":"https:\/\/residencialvirgendelcampo.es\/index.php\/wp-json\/wp\/v2\/types\/page"}],"author":[{"embeddable":true,"href":"https:\/\/residencialvirgendelcampo.es\/index.php\/wp-json\/wp\/v2\/users\/1"}],"replies":[{"embeddable":true,"href":"https:\/\/residencialvirgendelcampo.es\/index.php\/wp-json\/wp\/v2\/comments?post=15"}],"version-history":[{"count":19,"href":"https:\/\/residencialvirgendelcampo.es\/index.php\/wp-json\/wp\/v2\/pages\/15\/revisions"}],"predecessor-version":[{"id":72,"href":"https:\/\/residencialvirgendelcampo.es\/index.php\/wp-json\/wp\/v2\/pages\/15\/revisions\/72"}],"wp:attachment":[{"href":"https:\/\/residencialvirgendelcampo.es\/index.php\/wp-json\/wp\/v2\/media?parent=15"}],"curies":[{"name":"wp","href":"https:\/\/api.w.org\/{rel}","templated":true}]}}